{"id":183,"date":"2022-08-19T17:56:22","date_gmt":"2022-08-19T15:56:22","guid":{"rendered":"https:\/\/healthy-cities.com\/?page_id=183"},"modified":"2025-10-23T12:05:50","modified_gmt":"2025-10-23T10:05:50","slug":"contact","status":"publish","type":"page","link":"https:\/\/healthy-cities.com\/nl\/contact\/","title":{"rendered":"Contact"},"content":{"rendered":"\t\t<div data-elementor-type=\"wp-page\" data-elementor-id=\"183\" class=\"elementor elementor-183\" data-elementor-post-type=\"page\">\n\t\t\t\t\t\t<section data-dce-background-image-url=\"https:\/\/healthy-cities.com\/wp-content\/uploads\/2023\/09\/Untitled-design-20-1.png\" class=\"elementor-section elementor-top-section elementor-element elementor-element-5e46de90 elementor-section-boxed elementor-section-height-default elementor-section-height-default\" data-id=\"5e46de90\" data-element_type=\"section\" data-e-type=\"section\" data-settings=\"{&quot;background_background&quot;:&quot;classic&quot;}\">\n\t\t\t\t\t\t\t<div class=\"elementor-background-overlay\"><\/div>\n\t\t\t\t\t\t\t<div class=\"elementor-container elementor-column-gap-default\">\n\t\t\t\t\t<div class=\"elementor-column elementor-col-100 elementor-top-column elementor-element elementor-element-fe9b5e8\" data-id=\"fe9b5e8\" data-element_type=\"column\" data-e-type=\"column\">\n\t\t\t<div class=\"elementor-widget-wrap elementor-element-populated\">\n\t\t\t\t\t\t<div class=\"elementor-element elementor-element-3cb0f552 elementor-widget elementor-widget-theme-post-title elementor-page-title elementor-widget-heading\" data-id=\"3cb0f552\" data-element_type=\"widget\" data-e-type=\"widget\" data-widget_type=\"theme-post-title.default\">\n\t\t\t\t<div class=\"elementor-widget-container\">\n\t\t\t\t\t<h1 class=\"elementor-heading-title elementor-size-default\">Contact<\/h1>\t\t\t\t<\/div>\n\t\t\t\t<\/div>\n\t\t\t\t\t<\/div>\n\t\t<\/div>\n\t\t\t\t\t<\/div>\n\t\t<\/section>\n\t\t<div class=\"elementor-element elementor-element-52026d8 e-flex e-con-boxed e-con e-parent\" data-id=\"52026d8\" data-element_type=\"container\" data-e-type=\"container\">\n\t\t\t\t\t<div class=\"e-con-inner\">\n\t\t<div class=\"elementor-element elementor-element-2876352 e-con-full e-flex e-con e-child\" data-id=\"2876352\" data-element_type=\"container\" data-e-type=\"container\">\n\t\t\t\t<div class=\"elementor-element elementor-element-72ec21e elementor-widget elementor-widget-heading\" data-id=\"72ec21e\" data-element_type=\"widget\" data-e-type=\"widget\" data-widget_type=\"heading.default\">\n\t\t\t\t<div class=\"elementor-widget-container\">\n\t\t\t\t\t<h2 class=\"elementor-heading-title elementor-size-default\">Ready to put health at the heart of your urban plan?<\/h2>\t\t\t\t<\/div>\n\t\t\t\t<\/div>\n\t\t\t\t<div class=\"elementor-element elementor-element-66dff31 elementor-widget elementor-widget-text-editor\" data-id=\"66dff31\" data-element_type=\"widget\" data-e-type=\"widget\" data-widget_type=\"text-editor.default\">\n\t\t\t\t<div class=\"elementor-widget-container\">\n\t\t\t\t\t\t\t\t\t<p>At Healthy Cities, we empower planners, health professionals, and policymakers to make evidence-based decisions for healthier urban environments.<\/p><p>Whether you want to improve your urban plan, devise a health strategy, or have a constructive dialogue with your stakeholders \u2013 we&#8217;re here to help.<\/p><p>Fill out the form to tell us about your project or inquiry, and we&#8217;ll get in touch shortly.<\/p>\t\t\t\t\t\t\t\t<\/div>\n\t\t\t\t<\/div>\n\t\t\t\t<\/div>\n\t\t<div class=\"elementor-element elementor-element-9da4fa7 e-con-full e-flex e-con e-child\" data-id=\"9da4fa7\" data-element_type=\"container\" data-e-type=\"container\">\n\t\t\t\t<div class=\"elementor-element elementor-element-159650b elementor-button-align-stretch elementor-widget elementor-widget-form\" data-id=\"159650b\" data-element_type=\"widget\" data-e-type=\"widget\" data-settings=\"{&quot;button_width&quot;:&quot;20&quot;,&quot;step_next_label&quot;:&quot;Next&quot;,&quot;step_previous_label&quot;:&quot;Previous&quot;,&quot;dce_confirm_dialog_enabled&quot;:&quot;no&quot;,&quot;step_type&quot;:&quot;number_text&quot;,&quot;step_icon_shape&quot;:&quot;circle&quot;,&quot;label_icon_size&quot;:{&quot;unit&quot;:&quot;px&quot;,&quot;size&quot;:&quot;&quot;,&quot;sizes&quot;:[]},&quot;field_icon_size&quot;:{&quot;unit&quot;:&quot;px&quot;,&quot;size&quot;:&quot;&quot;,&quot;sizes&quot;:[]}}\" data-widget_type=\"form.default\">\n\t\t\t\t<div class=\"elementor-widget-container\">\n\t\t\t\t\t\t\t<form class=\"elementor-form\" method=\"post\" name=\"New Form\" aria-label=\"New Form\">\n\t\t\t<input type=\"hidden\" name=\"post_id\" value=\"183\"\/>\n\t\t\t<input type=\"hidden\" name=\"form_id\" value=\"159650b\"\/>\n\t\t\t<input type=\"hidden\" name=\"referer_title\" value=\"Contact | Healthy Cities.\" \/>\n\n\t\t\t\t\t\t\t<input type=\"hidden\" name=\"queried_id\" value=\"183\"\/>\n\t\t\t\n\t\t\t<div class=\"elementor-form-fields-wrapper elementor-labels-above\">\n\t\t\t\t\t\t\t\t<div class=\"elementor-field-type-text elementor-field-group elementor-column elementor-field-group-name elementor-col-100\">\n\t\t\t\t\t\t\t\t\t\t\t\t<label for=\"form-field-name\" class=\"elementor-field-label\">\n\t\t\t\t\t\t\t\tName\t\t\t\t\t\t\t<\/label>\n\t\t\t\t\t\t\t\t\t\t\t\t\t\t<input size=\"1\" type=\"text\" name=\"form_fields[name]\" id=\"form-field-name\" class=\"elementor-field elementor-size-sm  elementor-field-textual\" placeholder=\"Name\">\n\t\t\t\t\t\t\t\t\t\t\t<\/div>\n\t\t\t\t\t\t\t\t<div class=\"elementor-field-type-email elementor-field-group elementor-column elementor-field-group-email elementor-col-100 elementor-field-required\">\n\t\t\t\t\t\t\t\t\t\t\t\t<label for=\"form-field-email\" class=\"elementor-field-label\">\n\t\t\t\t\t\t\t\tEmail\t\t\t\t\t\t\t<\/label>\n\t\t\t\t\t\t\t\t\t\t\t\t\t\t<input size=\"1\" type=\"email\" name=\"form_fields[email]\" id=\"form-field-email\" class=\"elementor-field elementor-size-sm  elementor-field-textual\" placeholder=\"Email\" required=\"required\">\n\t\t\t\t\t\t\t\t\t\t\t<\/div>\n\t\t\t\t\t\t\t\t<div class=\"elementor-field-type-textarea elementor-field-group elementor-column elementor-field-group-message elementor-col-100\">\n\t\t\t\t\t\t\t\t\t\t\t\t<label for=\"form-field-message\" class=\"elementor-field-label\">\n\t\t\t\t\t\t\t\tMessage\t\t\t\t\t\t\t<\/label>\n\t\t\t\t\t\t<textarea class=\"elementor-field-textual elementor-field  elementor-size-sm\" name=\"form_fields[message]\" id=\"form-field-message\" rows=\"4\" placeholder=\"Message\"><\/textarea>\t\t\t\t<\/div>\n\t\t\t\t\t\t\t\t<div class=\"elementor-field-group elementor-column elementor-field-type-submit elementor-col-20 e-form__buttons\">\n\t\t\t\t\t<button class=\"elementor-button elementor-size-sm\" type=\"submit\">\n\t\t\t\t\t\t<span class=\"elementor-button-content-wrapper\">\n\t\t\t\t\t\t\t\t\t\t\t\t\t\t\t\t\t\t\t\t\t\t<span class=\"elementor-button-text\">Send<\/span>\n\t\t\t\t\t\t\t\t\t\t\t\t\t<\/span>\n\t\t\t\t\t<\/button>\n\t\t\t\t<\/div>\n\t\t\t<\/div>\n\t\t<\/form>\n\t\t\t\t\t\t<\/div>\n\t\t\t\t<\/div>\n\t\t\t\t<\/div>\n\t\t\t\t\t<\/div>\n\t\t\t\t<\/div>\n\t\t\t\t<\/div>\n\t\t","protected":false},"excerpt":{"rendered":"<p>\u00bfListo para poner la salud en el centro de tu plan urbano? En Healthy Cities, ayudamos a planificadores, profesionales de la salud y responsables pol\u00edticos a tomar decisiones basadas en evidencia para crear entornos urbanos m\u00e1s saludables. Si deseas mejorar tu plan urbano, dise\u00f1ar una estrategia de salud o iniciar un di\u00e1logo constructivo con tus [&hellip;]<\/p>\n","protected":false},"author":220852137,"featured_media":350,"parent":0,"menu_order":0,"comment_status":"closed","ping_status":"closed","template":"","meta":{"_acf_changed":false,"_crdt_document":"","_monsterinsights_skip_tracking":false,"_monsterinsights_sitenote_active":false,"_monsterinsights_sitenote_note":"","_monsterinsights_sitenote_category":0,"_themeisle_gutenberg_block_has_review":false,"footnotes":""},"class_list":["post-183","page","type-page","status-publish","has-post-thumbnail","hentry"],"aioseo_notices":[],"acf":[],"yoast_head":"<!-- This site is optimized with the Yoast SEO plugin v27.5 - https:\/\/yoast.com\/product\/yoast-seo-wordpress\/ -->\n<title>Contact - Healthy Cities.<\/title>\n<meta name=\"robots\" content=\"index, follow, max-snippet:-1, max-image-preview:large, max-video-preview:-1\" \/>\n<link rel=\"canonical\" href=\"https:\/\/healthy-cities.com\/nl\/contact\/\" \/>\n<meta property=\"og:locale\" content=\"nl_NL\" \/>\n<meta property=\"og:type\" content=\"article\" \/>\n<meta property=\"og:title\" content=\"Contact - Healthy Cities.\" \/>\n<meta property=\"og:description\" content=\"\u00bfListo para poner la salud en el centro de tu plan urbano? En Healthy Cities, ayudamos a planificadores, profesionales de la salud y responsables pol\u00edticos a tomar decisiones basadas en evidencia para crear entornos urbanos m\u00e1s saludables. Si deseas mejorar tu plan urbano, dise\u00f1ar una estrategia de salud o iniciar un di\u00e1logo constructivo con tus [&hellip;]\" \/>\n<meta property=\"og:url\" content=\"https:\/\/healthy-cities.com\/nl\/contact\/\" \/>\n<meta property=\"og:site_name\" content=\"Healthy Cities.\" \/>\n<meta property=\"article:modified_time\" content=\"2025-10-23T10:05:50+00:00\" \/>\n<meta property=\"og:image\" content=\"https:\/\/healthy-cities.com\/wp-content\/uploads\/2022\/08\/Screenshot-2022-08-29-at-10.17.43.png\" \/>\n\t<meta property=\"og:image:width\" content=\"1920\" \/>\n\t<meta property=\"og:image:height\" content=\"1080\" \/>\n\t<meta property=\"og:image:type\" content=\"image\/png\" \/>\n<meta name=\"twitter:card\" content=\"summary_large_image\" \/>\n<meta name=\"twitter:label1\" content=\"Geschatte leestijd\" \/>\n\t<meta name=\"twitter:data1\" content=\"1 minuut\" \/>\n<script type=\"application\/ld+json\" class=\"yoast-schema-graph\">{\"@context\":\"https:\\\/\\\/schema.org\",\"@graph\":[{\"@type\":\"WebPage\",\"@id\":\"https:\\\/\\\/healthy-cities.com\\\/contact\\\/\",\"url\":\"https:\\\/\\\/healthy-cities.com\\\/contact\\\/\",\"name\":\"Contact - Healthy Cities.\",\"isPartOf\":{\"@id\":\"https:\\\/\\\/healthy-cities.com\\\/#website\"},\"primaryImageOfPage\":{\"@id\":\"https:\\\/\\\/healthy-cities.com\\\/contact\\\/#primaryimage\"},\"image\":{\"@id\":\"https:\\\/\\\/healthy-cities.com\\\/contact\\\/#primaryimage\"},\"thumbnailUrl\":\"https:\\\/\\\/i0.wp.com\\\/healthy-cities.com\\\/wp-content\\\/uploads\\\/2022\\\/08\\\/Screenshot-2022-08-29-at-10.17.43.png?fit=1920%2C1080&ssl=1\",\"datePublished\":\"2022-08-19T15:56:22+00:00\",\"dateModified\":\"2025-10-23T10:05:50+00:00\",\"breadcrumb\":{\"@id\":\"https:\\\/\\\/healthy-cities.com\\\/contact\\\/#breadcrumb\"},\"inLanguage\":\"nl-NL\",\"potentialAction\":[{\"@type\":\"ReadAction\",\"target\":[\"https:\\\/\\\/healthy-cities.com\\\/contact\\\/\"]}]},{\"@type\":\"ImageObject\",\"inLanguage\":\"nl-NL\",\"@id\":\"https:\\\/\\\/healthy-cities.com\\\/contact\\\/#primaryimage\",\"url\":\"https:\\\/\\\/i0.wp.com\\\/healthy-cities.com\\\/wp-content\\\/uploads\\\/2022\\\/08\\\/Screenshot-2022-08-29-at-10.17.43.png?fit=1920%2C1080&ssl=1\",\"contentUrl\":\"https:\\\/\\\/i0.wp.com\\\/healthy-cities.com\\\/wp-content\\\/uploads\\\/2022\\\/08\\\/Screenshot-2022-08-29-at-10.17.43.png?fit=1920%2C1080&ssl=1\",\"width\":1920,\"height\":1080},{\"@type\":\"BreadcrumbList\",\"@id\":\"https:\\\/\\\/healthy-cities.com\\\/contact\\\/#breadcrumb\",\"itemListElement\":[{\"@type\":\"ListItem\",\"position\":1,\"name\":\"Home\",\"item\":\"https:\\\/\\\/healthy-cities.com\\\/\"},{\"@type\":\"ListItem\",\"position\":2,\"name\":\"Contact\"}]},{\"@type\":\"WebSite\",\"@id\":\"https:\\\/\\\/healthy-cities.com\\\/#website\",\"url\":\"https:\\\/\\\/healthy-cities.com\\\/\",\"name\":\"Healthy Cities.\",\"description\":\"Get to the heart of healthy urban planning\",\"publisher\":{\"@id\":\"https:\\\/\\\/healthy-cities.com\\\/#organization\"},\"potentialAction\":[{\"@type\":\"SearchAction\",\"target\":{\"@type\":\"EntryPoint\",\"urlTemplate\":\"https:\\\/\\\/healthy-cities.com\\\/?s={search_term_string}\"},\"query-input\":{\"@type\":\"PropertyValueSpecification\",\"valueRequired\":true,\"valueName\":\"search_term_string\"}}],\"inLanguage\":\"nl-NL\"},{\"@type\":\"Organization\",\"@id\":\"https:\\\/\\\/healthy-cities.com\\\/#organization\",\"name\":\"Healthy Cities.\",\"url\":\"https:\\\/\\\/healthy-cities.com\\\/\",\"logo\":{\"@type\":\"ImageObject\",\"inLanguage\":\"nl-NL\",\"@id\":\"https:\\\/\\\/healthy-cities.com\\\/#\\\/schema\\\/logo\\\/image\\\/\",\"url\":\"https:\\\/\\\/i0.wp.com\\\/healthy-cities.com\\\/wp-content\\\/uploads\\\/2022\\\/08\\\/HEC-HEALTHY-CITIES-B-big-e1661771513890.png?fit=1932%2C724&ssl=1\",\"contentUrl\":\"https:\\\/\\\/i0.wp.com\\\/healthy-cities.com\\\/wp-content\\\/uploads\\\/2022\\\/08\\\/HEC-HEALTHY-CITIES-B-big-e1661771513890.png?fit=1932%2C724&ssl=1\",\"width\":1932,\"height\":724,\"caption\":\"Healthy Cities.\"},\"image\":{\"@id\":\"https:\\\/\\\/healthy-cities.com\\\/#\\\/schema\\\/logo\\\/image\\\/\"}}]}<\/script>\n<!-- \/ Yoast SEO plugin. -->","yoast_head_json":{"title":"Contact - Healthy Cities.","robots":{"index":"index","follow":"follow","max-snippet":"max-snippet:-1","max-image-preview":"max-image-preview:large","max-video-preview":"max-video-preview:-1"},"canonical":"https:\/\/healthy-cities.com\/nl\/contact\/","og_locale":"nl_NL","og_type":"article","og_title":"Contact - Healthy Cities.","og_description":"\u00bfListo para poner la salud en el centro de tu plan urbano? En Healthy Cities, ayudamos a planificadores, profesionales de la salud y responsables pol\u00edticos a tomar decisiones basadas en evidencia para crear entornos urbanos m\u00e1s saludables. Si deseas mejorar tu plan urbano, dise\u00f1ar una estrategia de salud o iniciar un di\u00e1logo constructivo con tus [&hellip;]","og_url":"https:\/\/healthy-cities.com\/nl\/contact\/","og_site_name":"Healthy Cities.","article_modified_time":"2025-10-23T10:05:50+00:00","og_image":[{"width":1920,"height":1080,"url":"https:\/\/healthy-cities.com\/wp-content\/uploads\/2022\/08\/Screenshot-2022-08-29-at-10.17.43.png","type":"image\/png"}],"twitter_card":"summary_large_image","twitter_misc":{"Geschatte leestijd":"1 minuut"},"schema":{"@context":"https:\/\/schema.org","@graph":[{"@type":"WebPage","@id":"https:\/\/healthy-cities.com\/contact\/","url":"https:\/\/healthy-cities.com\/contact\/","name":"Contact - Healthy Cities.","isPartOf":{"@id":"https:\/\/healthy-cities.com\/#website"},"primaryImageOfPage":{"@id":"https:\/\/healthy-cities.com\/contact\/#primaryimage"},"image":{"@id":"https:\/\/healthy-cities.com\/contact\/#primaryimage"},"thumbnailUrl":"https:\/\/i0.wp.com\/healthy-cities.com\/wp-content\/uploads\/2022\/08\/Screenshot-2022-08-29-at-10.17.43.png?fit=1920%2C1080&ssl=1","datePublished":"2022-08-19T15:56:22+00:00","dateModified":"2025-10-23T10:05:50+00:00","breadcrumb":{"@id":"https:\/\/healthy-cities.com\/contact\/#breadcrumb"},"inLanguage":"nl-NL","potentialAction":[{"@type":"ReadAction","target":["https:\/\/healthy-cities.com\/contact\/"]}]},{"@type":"ImageObject","inLanguage":"nl-NL","@id":"https:\/\/healthy-cities.com\/contact\/#primaryimage","url":"https:\/\/i0.wp.com\/healthy-cities.com\/wp-content\/uploads\/2022\/08\/Screenshot-2022-08-29-at-10.17.43.png?fit=1920%2C1080&ssl=1","contentUrl":"https:\/\/i0.wp.com\/healthy-cities.com\/wp-content\/uploads\/2022\/08\/Screenshot-2022-08-29-at-10.17.43.png?fit=1920%2C1080&ssl=1","width":1920,"height":1080},{"@type":"BreadcrumbList","@id":"https:\/\/healthy-cities.com\/contact\/#breadcrumb","itemListElement":[{"@type":"ListItem","position":1,"name":"Home","item":"https:\/\/healthy-cities.com\/"},{"@type":"ListItem","position":2,"name":"Contact"}]},{"@type":"WebSite","@id":"https:\/\/healthy-cities.com\/#website","url":"https:\/\/healthy-cities.com\/","name":"Gezonde steden.","description":"Hart voor gezonde stadsontwikkeling","publisher":{"@id":"https:\/\/healthy-cities.com\/#organization"},"potentialAction":[{"@type":"SearchAction","target":{"@type":"EntryPoint","urlTemplate":"https:\/\/healthy-cities.com\/?s={search_term_string}"},"query-input":{"@type":"PropertyValueSpecification","valueRequired":true,"valueName":"search_term_string"}}],"inLanguage":"nl-NL"},{"@type":"Organization","@id":"https:\/\/healthy-cities.com\/#organization","name":"Gezonde steden.","url":"https:\/\/healthy-cities.com\/","logo":{"@type":"ImageObject","inLanguage":"nl-NL","@id":"https:\/\/healthy-cities.com\/#\/schema\/logo\/image\/","url":"https:\/\/i0.wp.com\/healthy-cities.com\/wp-content\/uploads\/2022\/08\/HEC-HEALTHY-CITIES-B-big-e1661771513890.png?fit=1932%2C724&ssl=1","contentUrl":"https:\/\/i0.wp.com\/healthy-cities.com\/wp-content\/uploads\/2022\/08\/HEC-HEALTHY-CITIES-B-big-e1661771513890.png?fit=1932%2C724&ssl=1","width":1932,"height":724,"caption":"Healthy Cities."},"image":{"@id":"https:\/\/healthy-cities.com\/#\/schema\/logo\/image\/"}}]}},"jetpack_likes_enabled":false,"jetpack_sharing_enabled":true,"jetpack_shortlink":"https:\/\/wp.me\/PdWwdo-2X","jetpack-related-posts":[{"id":718,"url":"https:\/\/healthy-cities.com\/nl\/what-we-do\/","url_meta":{"origin":183,"position":0},"title":"Wat we doen","author":"healthycitiesgenerator","date":"15th september 2022","format":false,"excerpt":"Wij begrijpen stedenbouw en gezondheid als twee nauw verwante concepten: gezondheid als planningsinstrument en de stad als instrument voor gezondheid. Daarom combineren we theorie met praktijk en stellen we de gezondheid en het welzijn van individuen centraal in stedelijk beleid en projecten. De afgelopen jaren\u2026","rel":"","context":"Soortgelijk bericht","block_context":{"text":"Soortgelijk bericht","link":""},"img":{"alt_text":"","src":"https:\/\/i0.wp.com\/healthy-cities.com\/wp-content\/uploads\/2022\/08\/image-6-1.png?fit=626%2C391&ssl=1&resize=350%2C200","width":350,"height":200,"srcset":"https:\/\/i0.wp.com\/healthy-cities.com\/wp-content\/uploads\/2022\/08\/image-6-1.png?fit=626%2C391&ssl=1&resize=350%2C200 1x, https:\/\/i0.wp.com\/healthy-cities.com\/wp-content\/uploads\/2022\/08\/image-6-1.png?fit=626%2C391&ssl=1&resize=525%2C300 1.5x"},"classes":[]},{"id":173,"url":"https:\/\/healthy-cities.com\/nl\/our-concept\/","url_meta":{"origin":183,"position":1},"title":"Ons concept","author":"healthycitiesgenerator","date":"19th augustus 2022","format":false,"excerpt":"Het wetenschappelijke bewijs is sterk: stadsplanning kan de gezondheid op vele manieren be\u00efnvloeden. We weten dat de stedelijke omgeving de gezondheid kan bevorderen of belemmeren. Ondanks toenemend wetenschappelijk bewijs wordt gezondheid echter vaak buiten beschouwing gelaten in de discussie over stadsplanning. Bij Healthy Cities hebben we een model ontwikkeld om dit te veranderen. Ons multidisciplinaire\u2026","rel":"","context":"Soortgelijk bericht","block_context":{"text":"Soortgelijk bericht","link":""},"img":{"alt_text":"","src":"https:\/\/i0.wp.com\/healthy-cities.com\/wp-content\/uploads\/2022\/08\/HPUK-Picture-1-2.png?fit=658%2C393&ssl=1&resize=350%2C200","width":350,"height":200,"srcset":"https:\/\/i0.wp.com\/healthy-cities.com\/wp-content\/uploads\/2022\/08\/HPUK-Picture-1-2.png?fit=658%2C393&ssl=1&resize=350%2C200 1x, https:\/\/i0.wp.com\/healthy-cities.com\/wp-content\/uploads\/2022\/08\/HPUK-Picture-1-2.png?fit=658%2C393&ssl=1&resize=525%2C300 1.5x"},"classes":[]},{"id":145,"url":"https:\/\/healthy-cities.com\/nl\/","url_meta":{"origin":183,"position":2},"title":"Thuis","author":"healthycitiesgenerator","date":"19th augustus 2022","format":false,"excerpt":"Get to the heart of healthy urban planning Get in touch Latest news From guidelinesto impact Explore our work at the intersection of health and cities Read More The most comprehensive tool for urban health Get to know the Europe's leading platform for health-centered urban planning Try the tool Make\u2026","rel":"","context":"Soortgelijk bericht","block_context":{"text":"Soortgelijk bericht","link":""},"img":{"alt_text":"","src":"https:\/\/i0.wp.com\/healthy-cities.com\/wp-content\/uploads\/2022\/08\/HEC-HEALTHY-CITIES-B-big-e1661771513890.png?fit=1200%2C450&ssl=1&resize=350%2C200","width":350,"height":200,"srcset":"https:\/\/i0.wp.com\/healthy-cities.com\/wp-content\/uploads\/2022\/08\/HEC-HEALTHY-CITIES-B-big-e1661771513890.png?fit=1200%2C450&ssl=1&resize=350%2C200 1x, https:\/\/i0.wp.com\/healthy-cities.com\/wp-content\/uploads\/2022\/08\/HEC-HEALTHY-CITIES-B-big-e1661771513890.png?fit=1200%2C450&ssl=1&resize=525%2C300 1.5x, https:\/\/i0.wp.com\/healthy-cities.com\/wp-content\/uploads\/2022\/08\/HEC-HEALTHY-CITIES-B-big-e1661771513890.png?fit=1200%2C450&ssl=1&resize=700%2C400 2x, https:\/\/i0.wp.com\/healthy-cities.com\/wp-content\/uploads\/2022\/08\/HEC-HEALTHY-CITIES-B-big-e1661771513890.png?fit=1200%2C450&ssl=1&resize=1050%2C600 3x"},"classes":[]},{"id":841,"url":"https:\/\/healthy-cities.com\/nl\/clients\/","url_meta":{"origin":183,"position":3},"title":"Klanten","author":"healthycitiesgenerator","date":"24th november 2022","format":false,"excerpt":"Onze partners en klanten. Samenwerking in verschillende sectoren. Bij Healthy Cities werken we samen met een breed scala aan partners die onze visie delen om gezondere en duurzamere stedelijke omgevingen te cre\u00ebren. Onze diensten zijn ontworpen om publieke instellingen, private organisaties en onderzoeksteams te ondersteunen en bieden oplossingen op maat die gezondheid en\u2026","rel":"","context":"Soortgelijk bericht","block_context":{"text":"Soortgelijk bericht","link":""},"img":{"alt_text":"","src":"https:\/\/i0.wp.com\/healthy-cities.com\/wp-content\/uploads\/2022\/08\/HPUK-Picture-1-2.png?fit=658%2C393&ssl=1&resize=350%2C200","width":350,"height":200,"srcset":"https:\/\/i0.wp.com\/healthy-cities.com\/wp-content\/uploads\/2022\/08\/HPUK-Picture-1-2.png?fit=658%2C393&ssl=1&resize=350%2C200 1x, https:\/\/i0.wp.com\/healthy-cities.com\/wp-content\/uploads\/2022\/08\/HPUK-Picture-1-2.png?fit=658%2C393&ssl=1&resize=525%2C300 1.5x"},"classes":[]},{"id":1763,"url":"https:\/\/healthy-cities.com\/nl\/healthy-cities-generator\/","url_meta":{"origin":183,"position":4},"title":"Generator voor gezonde steden","author":"healthycitiesgenerator","date":"10th oktober 2023","format":false,"excerpt":"De meest uitgebreide tool voor stedelijke gezondheid. De Healthy Cities Generator is een gratis beschikbare digitale tool, ontworpen om het voor stedenbouwkundigen, zorgprofessionals en beleidsmakers gemakkelijk te maken om gezondheidsfactoren op te nemen in de stadsplanning en stedelijke factoren in het gezondheidsbeleid. Genereer gezondheid in uw stad met onze bekroonde...","rel":"","context":"Soortgelijk bericht","block_context":{"text":"Soortgelijk bericht","link":""},"img":{"alt_text":"","src":"https:\/\/i0.wp.com\/healthy-cities.com\/wp-content\/uploads\/2022\/09\/Screenshot-2022-09-12-at-12.46.16.png?fit=1173%2C709&ssl=1&resize=350%2C200","width":350,"height":200,"srcset":"https:\/\/i0.wp.com\/healthy-cities.com\/wp-content\/uploads\/2022\/09\/Screenshot-2022-09-12-at-12.46.16.png?fit=1173%2C709&ssl=1&resize=350%2C200 1x, https:\/\/i0.wp.com\/healthy-cities.com\/wp-content\/uploads\/2022\/09\/Screenshot-2022-09-12-at-12.46.16.png?fit=1173%2C709&ssl=1&resize=525%2C300 1.5x, https:\/\/i0.wp.com\/healthy-cities.com\/wp-content\/uploads\/2022\/09\/Screenshot-2022-09-12-at-12.46.16.png?fit=1173%2C709&ssl=1&resize=700%2C400 2x, https:\/\/i0.wp.com\/healthy-cities.com\/wp-content\/uploads\/2022\/09\/Screenshot-2022-09-12-at-12.46.16.png?fit=1173%2C709&ssl=1&resize=1050%2C600 3x"},"classes":[]},{"id":3249,"url":"https:\/\/healthy-cities.com\/nl\/services\/","url_meta":{"origin":183,"position":5},"title":"Diensten","author":"healthycitiesgenerator","date":"5th juni 2025","format":false,"excerpt":"Van theorie naar praktijk in stedelijke gezondheid Wij zijn uw premium leverancier van oplossingen voor stedelijke gezondheid. Ons werk varieert van onderzoek en theoretische grondslagen tot de toepassing in praktische projecten en de ontwikkeling van ondersteunende tools voor professionals en besluitvormers. Wij begrijpen stadsplanning en gezondheid als twee nauw verwante concepten:\u2026","rel":"","context":"Soortgelijk bericht","block_context":{"text":"Soortgelijk bericht","link":""},"img":{"alt_text":"","src":"https:\/\/i0.wp.com\/healthy-cities.com\/wp-content\/uploads\/2022\/08\/image-6-1.png?fit=626%2C391&ssl=1&resize=350%2C200","width":350,"height":200,"srcset":"https:\/\/i0.wp.com\/healthy-cities.com\/wp-content\/uploads\/2022\/08\/image-6-1.png?fit=626%2C391&ssl=1&resize=350%2C200 1x, https:\/\/i0.wp.com\/healthy-cities.com\/wp-content\/uploads\/2022\/08\/image-6-1.png?fit=626%2C391&ssl=1&resize=525%2C300 1.5x"},"classes":[]}],"_links":{"self":[{"href":"https:\/\/healthy-cities.com\/nl\/wp-json\/wp\/v2\/pages\/183","targetHints":{"allow":["GET"]}}],"collection":[{"href":"https:\/\/healthy-cities.com\/nl\/wp-json\/wp\/v2\/pages"}],"about":[{"href":"https:\/\/healthy-cities.com\/nl\/wp-json\/wp\/v2\/types\/page"}],"author":[{"embeddable":true,"href":"https:\/\/healthy-cities.com\/nl\/wp-json\/wp\/v2\/users\/220852137"}],"replies":[{"embeddable":true,"href":"https:\/\/healthy-cities.com\/nl\/wp-json\/wp\/v2\/comments?post=183"}],"version-history":[{"count":38,"href":"https:\/\/healthy-cities.com\/nl\/wp-json\/wp\/v2\/pages\/183\/revisions"}],"predecessor-version":[{"id":5067,"href":"https:\/\/healthy-cities.com\/nl\/wp-json\/wp\/v2\/pages\/183\/revisions\/5067"}],"wp:featuredmedia":[{"embeddable":true,"href":"https:\/\/healthy-cities.com\/nl\/wp-json\/wp\/v2\/media\/350"}],"wp:attachment":[{"href":"https:\/\/healthy-cities.com\/nl\/wp-json\/wp\/v2\/media?parent=183"}],"curies":[{"name":"wp","href":"https:\/\/api.w.org\/{rel}","templated":true}]}}